{"id":2061,"date":"2022-06-07T14:11:22","date_gmt":"2022-06-07T17:11:22","guid":{"rendered":"https:\/\/itcom.net.br\/?page_id=2061"},"modified":"2022-06-07T15:48:44","modified_gmt":"2022-06-07T18:48:44","slug":"cotemon-usuarios-form","status":"publish","type":"page","link":"https:\/\/itcom.net.br\/index.php\/cotemon-usuarios-form\/","title":{"rendered":"Formulario de Usuario Cotemon"},"content":{"rendered":"\n<p><\/p>\n\n\n\n<p><\/p>\n\n\n\n<blockquote class=\"wp-block-quote is-layout-flow wp-block-quote-is-layout-flow\"><p>Preencha o formul\u00e1rio para documenta\u00e7\u00e3o dos diret\u00f3rios e implementa\u00e7\u00e3o de TI.<\/p><\/blockquote>\n\n\n\n<div role=\"form\" class=\"wpcf7\" id=\"wpcf7-f2060-o1\" lang=\"en-US\" dir=\"ltr\">\n<div class=\"screen-reader-response\"><p role=\"status\" aria-live=\"polite\" aria-atomic=\"true\"><\/p> <ul><\/ul><\/div>\n<form action=\"\/index.php\/wp-json\/wp\/v2\/pages\/2061#wpcf7-f2060-o1\" method=\"post\" class=\"wpcf7-form init\" novalidate=\"novalidate\" data-status=\"init\">\n<div style=\"display: none;\">\n<input type=\"hidden\" name=\"_wpcf7\" value=\"2060\" \/>\n<input type=\"hidden\" name=\"_wpcf7_version\" value=\"5.5.6\" \/>\n<input type=\"hidden\" name=\"_wpcf7_locale\" value=\"en_US\" \/>\n<input type=\"hidden\" name=\"_wpcf7_unit_tag\" value=\"wpcf7-f2060-o1\" \/>\n<input type=\"hidden\" name=\"_wpcf7_container_post\" value=\"0\" \/>\n<input type=\"hidden\" name=\"_wpcf7_posted_data_hash\" value=\"\" \/>\n<\/div>\n<p>Digite seu endere\u00e7o de e-mail corporativo, exemplo: antonio@cotemon.com.br<br \/>\n<span class=\"wpcf7-form-control-wrap email-831\"><input type=\"email\" name=\"email-831\" value=\"\" size=\"40\" class=\"wpcf7-form-control wpcf7-text wpcf7-email wpcf7-validates-as-required wpcf7-validates-as-email\" aria-required=\"true\" aria-invalid=\"false\" placeholder=\"Endere\u00e7o de Email\" \/><\/span><\/p>\n<hr> <br><br \/>\nSeu nome Completo:<br \/>\n<span class=\"wpcf7-form-control-wrap text-nome\"><input type=\"text\" name=\"text-nome\" value=\"\" size=\"40\" class=\"wpcf7-form-control wpcf7-text wpcf7-validates-as-required\" aria-required=\"true\" aria-invalid=\"false\" placeholder=\"Nome e Sobrenome\" \/><\/span><\/p>\n<hr> <br><br \/>\nIdenficiacacao da Maquina, numero ou ID:<br \/>\n<span class=\"wpcf7-form-control-wrap maquina\"><input type=\"text\" name=\"maquina\" value=\"\" size=\"40\" class=\"wpcf7-form-control wpcf7-text wpcf7-validates-as-required\" aria-required=\"true\" aria-invalid=\"false\" placeholder=\"Identificacao da Maquina\" \/><\/span><\/p>\n<hr> <br><br \/>\nA pasta que voc\u00ea trabalha, exemplo: SGI \/ SMS \/ CONTRATOS \/ PROJETOS<br \/>\n<span class=\"wpcf7-form-control-wrap pasta\"><input type=\"text\" name=\"pasta\" value=\"\" size=\"40\" class=\"wpcf7-form-control wpcf7-text wpcf7-validates-as-required\" aria-required=\"true\" aria-invalid=\"false\" placeholder=\"Pasta de Arquivo\" \/><\/span><\/p>\n<hr> <br><br \/>\nSeu contato, exemplo WhatsApp<br \/>\n<span class=\"wpcf7-form-control-wrap Celular\"><input type=\"tel\" name=\"Celular\" value=\"\" size=\"40\" class=\"wpcf7-form-control wpcf7-text wpcf7-tel wpcf7-validates-as-required wpcf7-validates-as-tel\" aria-required=\"true\" aria-invalid=\"false\" placeholder=\"Numero de Contato\" \/><\/span><\/p>\n<hr> <br><br \/>\n<span class=\"contact-submit-19\"><input type=\"submit\" value=\"Enviar\" class=\"wpcf7-form-control has-spinner wpcf7-submit\" \/><\/span>\n<\/div>\n<div class=\"wpcf7-response-output\" aria-hidden=\"true\"><\/div><\/form><\/div>\n","protected":false},"excerpt":{"rendered":"<p>Preencha o formul\u00e1rio para documenta\u00e7\u00e3o dos diret\u00f3rios e implementa\u00e7\u00e3o de TI.<\/p>\n","protected":false},"author":1,"featured_media":0,"parent":0,"menu_order":0,"comment_status":"closed","ping_status":"closed","template":"","meta":{"footnotes":""},"class_list":["post-2061","page","type-page","status-publish","hentry"],"_links":{"self":[{"href":"https:\/\/itcom.net.br\/index.php\/wp-json\/wp\/v2\/pages\/2061","targetHints":{"allow":["GET"]}}],"collection":[{"href":"https:\/\/itcom.net.br\/index.php\/wp-json\/wp\/v2\/pages"}],"about":[{"href":"https:\/\/itcom.net.br\/index.php\/wp-json\/wp\/v2\/types\/page"}],"author":[{"embeddable":true,"href":"https:\/\/itcom.net.br\/index.php\/wp-json\/wp\/v2\/users\/1"}],"replies":[{"embeddable":true,"href":"https:\/\/itcom.net.br\/index.php\/wp-json\/wp\/v2\/comments?post=2061"}],"version-history":[{"count":4,"href":"https:\/\/itcom.net.br\/index.php\/wp-json\/wp\/v2\/pages\/2061\/revisions"}],"predecessor-version":[{"id":2067,"href":"https:\/\/itcom.net.br\/index.php\/wp-json\/wp\/v2\/pages\/2061\/revisions\/2067"}],"wp:attachment":[{"href":"https:\/\/itcom.net.br\/index.php\/wp-json\/wp\/v2\/media?parent=2061"}],"curies":[{"name":"wp","href":"https:\/\/api.w.org\/{rel}","templated":true}]}}